{"id":176,"date":"2020-04-07T18:19:57","date_gmt":"2020-04-07T16:19:57","guid":{"rendered":"http:\/\/www.landesgeschichte.uni-goettingen.de\/roads\/viabundus\/?page_id=176"},"modified":"2023-06-16T19:33:30","modified_gmt":"2023-06-16T17:33:30","slug":"the-project","status":"publish","type":"page","link":"https:\/\/www.landesgeschichte.uni-goettingen.de\/roads\/viabundus\/the-project\/","title":{"rendered":"The Project"},"content":{"rendered":"<p><strong>Map of premodern European transport and mobility<\/strong><\/p>\n<p><strong>Roads, Rivers, Routes<\/strong><\/p>\n<p>The long-distance trade contributed a major part to the expansion of trade during the so-called commercial revolution of the 13th and 14th centuries. Contemporaries knew that merchants de Orientali abundantia replerent Occidentalem inopiam; et e contrario, de Meridionali abundantia replerent Septentrionalem inopiam (fill from the surplus of the East the destitution in the West, and from the surplus in the South the destitution in the North, 12th century, pseudo-Beda), that means: trade based on the movement of physical goods.<br \/>\n<strong><br \/>\nWhat will be the Outcome?<\/strong><\/p>\n<p>The main goal of the Roads-Project is to provide a digital map of precise routes of transport in Northern Europe between 1350 and 1650. The GIS-based map will offer possibilities to estimate times of travel, to find the shortest way or other itineraries that include as many fairs on the way as possible, in short: It will provide means to perform a geographical network-analysis. Open Source \u2013 of course!<\/p>\n<p>The map is connected with an SQL-based database that includes information on more than 9000 places ranging from toll stations over harbours and towns to fairs. Where possible the dates of the fairs are provided, while in general all elements should come with a timestamp, thus offering accurate spatiotemporal data.<br \/>\nIn short: The Roads-project deals with premodern transport-infrastructure while at the same time providing in itself the infrastructure for future research in economic history.<\/p>\n<p><strong>Get a quick insight with our short presentations at the Viabundus-Launch-Event on April 19 2021<\/strong><\/p>\n<p><iframe loading=\"lazy\" src=\"https:\/\/www.youtube-nocookie.com\/embed\/rj2MwJETDUo\" title=\"YouTube video player\" allow=\"accelerometer; autoplay; clipboard-write; encrypted-media; gyroscope; picture-in-picture\" allowfullscreen=\"\" width=\"560\" height=\"315\" frameborder=\"0\"><\/iframe><br \/>\n<i>Welcome by Project Coordinator Angela L. Huang<\/i><\/p>\n<p><iframe loading=\"lazy\" src=\"https:\/\/www.youtube-nocookie.com\/embed\/IP0XvHPHtws\" title=\"YouTube video player\" allow=\"accelerometer; autoplay; clipboard-write; encrypted-media; gyroscope; picture-in-picture\" allowfullscreen=\"\" width=\"560\" height=\"315\" frameborder=\"0\"><\/iframe><br \/>\n<i>About the Project in general by Project Coordinator Niels Petersen<\/i><\/p>\n<p><iframe loading=\"lazy\" src=\"https:\/\/www.youtube-nocookie.com\/embed\/pxiQLYjv-Es\" title=\"YouTube video player\" allow=\"accelerometer; autoplay; clipboard-write; encrypted-media; gyroscope; picture-in-picture\" allowfullscreen=\"\" width=\"560\" height=\"315\" frameborder=\"0\"><\/iframe><br \/>\n<i>The Elements of the Map and the methodological basics explained by Regional Specialist Nina Dengg<\/i><\/p>\n<p><iframe loading=\"lazy\" src=\"https:\/\/www.youtube-nocookie.com\/embed\/E11OzXk19GM\" title=\"YouTube video player\" allow=\"accelerometer; autoplay; clipboard-write; encrypted-media; gyroscope; picture-in-picture\" allowfullscreen=\"\" width=\"560\" height=\"315\" frameborder=\"0\"><\/iframe><br \/>\n<i>Dive into the Map and its features with Regional Specialist and Database Coordinator Bart Holterman<\/i><\/p>\n<p><strong>The Partners, their Tasks and their Sponsors<\/strong><\/p>\n<p>The project is a collaboration of different regional groups that bring their own funding. It is being represented by the Forschungsstelle f\u00fcr die Geschichte des Hanseraums und der Ostsee <a href=\"https:\/\/fgho.eu\/en\/projects\/viabundus\">FGHO<\/a> (L\u00fcbeck) and the Institut f\u00fcr Historische Landesforschung der Universit\u00e4t G\u00f6ttingen. Important decisions and the setting of standards are being made jointly by all partners.<br \/>\nThe technical backbone is being developed and provided by the G\u00f6ttingen based institute. The research on routes through Lower Saxony is being conducted here, as well. This part is being funded by the Land Niedersachsen (Pro*Niedersachsen) 2019-2021. See the project description <a href=\"https:\/\/www.uni-goettingen.de\/de\/592427.html\">here<\/a>.<br \/>\nResearch on Saxony-Anhalt and Thuringia is being undertaken by the Institut f\u00fcr Gesellschaftswissenschaften der Otto-von-Guericke-Universit\u00e4t Magdeburg, Bereich Geschichte, Lehrstuhl f\u00fcr die Geschichte des Mittelalters. This part is being funded by the Friedrich-Christian-Lesser-Stiftung (2019-2020). See the project description <a href=\"https:\/\/www.ges.ovgu.de\/Lehrst%C3%BChle+und+Fachgebiete\/Mittelalter\/Viabundus_+Digitaler+Atlas+vormoderner+Stra%C3%9Fen+in+Nordeuropa\/Viabundus_+Digital+Atlas+of+pre_modern+roads+in+Nothern+Europe-p-2890.html\">here<\/a>.<\/p>\n<p>The routes and towns of Denmark are the focus of the Moesgaard Museum, Aarhus, in collaboration with the Institut for Kultur og Samfund, Aarhus Universitet. This part is being funded by Kulturministeriets Forskningsudvalg, the Danish Ministry of Culture. See the project description <a href=\"https:\/\/pure.au.dk\/portal\/en\/projects\/viabundus--denmark(ebb2b0d4-e2fd-4b4e-bd44-accb7956e2b2).html\">here<\/a>.<\/p>\n<p>The group that covers the Netherlands is being supported by RICH \u2013 the Radboud Institute for Culture and History.<\/p>\n<p>Viabundus Finland started in February 2022 and runs for three years. See Details <a href=\"https:\/\/www.tuni.fi\/en\/research\/viabundus-finland-1350-1650-database-and-gis-location-project-late-medieval-and-early\" target=\"new\" rel=\"noopener\">here<\/a>.<\/p>\n<p>Other regions, especially the European East and Western Scandinavia, need further research and we are looking for partners here. We encourage everyone interested in a cooperation to contact us, <i>even if their regions are not directly connected to the current map extent!<\/i><br \/>\nIn our Blog you will find updates on the progress of the project, aspects of methods and software and topics thematically related to premodern transport.<\/p>\n<p><a href=\"https:\/\/www.ru.nl\/rich\/\"><img decoding=\"async\" src=\"http:\/\/www.landesgeschichte.uni-goettingen.de\/roads\/viabundus\/wp-content\/uploads\/2020\/10\/ru-logo-a4-rich-eng-300x58.jpg\" alt=\"\" class=\"alignleft size-medium wp-image-480\" height=\"90\" srcset=\"https:\/\/www.landesgeschichte.uni-goettingen.de\/roads\/viabundus\/wp-content\/uploads\/2020\/10\/ru-logo-a4-rich-eng-300x58.jpg 300w, https:\/\/www.landesgeschichte.uni-goettingen.de\/roads\/viabundus\/wp-content\/uploads\/2020\/10\/ru-logo-a4-rich-eng.jpg 500w\" sizes=\"(max-width: 300px) 100vw, 300px\" \/><\/a><br \/>\n<img decoding=\"async\" src=\"http:\/\/www.landesgeschichte.uni-goettingen.de\/roads\/viabundus\/wp-content\/uploads\/2020\/10\/dk.png\" height=\"90\"><br \/>\n<img decoding=\"async\" src=\"http:\/\/www.landesgeschichte.uni-goettingen.de\/roads\/viabundus\/wp-content\/uploads\/2021\/03\/MWK_Logo_web.jpg\" height=\"90\"><br \/>\n<a href=\"https:\/\/www.landesgeschichte.uni-goettingen.de\/roads\/viabundus\/wp-content\/uploads\/2022\/02\/Kone-Black-logo-604.png\"><img loading=\"lazy\" decoding=\"async\" src=\"https:\/\/www.landesgeschichte.uni-goettingen.de\/roads\/viabundus\/wp-content\/uploads\/2022\/02\/Kone-Black-logo-604.png\" alt=\"KONE FOUNDATION\" height=\"90\" class=\"aligncenter size-full wp-image-813\" width=\"330\"\/><\/a><a href=\"https:\/\/www.landesgeschichte.uni-goettingen.de\/roads\/viabundus\/wp-content\/uploads\/2023\/06\/byhistorie.jpg\"><img decoding=\"async\" src=\"https:\/\/www.landesgeschichte.uni-goettingen.de\/roads\/viabundus\/wp-content\/uploads\/2023\/06\/byhistorie-150x150.jpg\" alt=\"\" height=\"90\" class=\"aligncenter size-thumbnail wp-image-1243\" srcset=\"https:\/\/www.landesgeschichte.uni-goettingen.de\/roads\/viabundus\/wp-content\/uploads\/2023\/06\/byhistorie-150x150.jpg 150w, https:\/\/www.landesgeschichte.uni-goettingen.de\/roads\/viabundus\/wp-content\/uploads\/2023\/06\/byhistorie.jpg 225w\" sizes=\"(max-width: 150px) 100vw, 150px\" \/><\/a><br \/>\n<a href=\"https:\/\/www.landesgeschichte.uni-goettingen.de\/roads\/viabundus\/wp-content\/uploads\/2023\/06\/erfgoedbrabant.png\"><img decoding=\"async\" src=\"https:\/\/www.landesgeschichte.uni-goettingen.de\/roads\/viabundus\/wp-content\/uploads\/2023\/06\/erfgoedbrabant.png\" alt=\"\" height=\"90\" class=\"aligncenter size-full wp-image-1245\" srcset=\"https:\/\/www.landesgeschichte.uni-goettingen.de\/roads\/viabundus\/wp-content\/uploads\/2023\/06\/erfgoedbrabant.png 360w, https:\/\/www.landesgeschichte.uni-goettingen.de\/roads\/viabundus\/wp-content\/uploads\/2023\/06\/erfgoedbrabant-300x111.png 300w\" sizes=\"(max-width: 360px) 100vw, 360px\" \/><\/a><br \/>\n<a href=\"https:\/\/www.landesgeschichte.uni-goettingen.de\/roads\/viabundus\/wp-content\/uploads\/2023\/06\/gamleby.png\"><img decoding=\"async\" src=\"https:\/\/www.landesgeschichte.uni-goettingen.de\/roads\/viabundus\/wp-content\/uploads\/2023\/06\/gamleby.png\" alt=\"\" height=\"90\" class=\"aligncenter size-full wp-image-1247\" srcset=\"https:\/\/www.landesgeschichte.uni-goettingen.de\/roads\/viabundus\/wp-content\/uploads\/2023\/06\/gamleby.png 343w, https:\/\/www.landesgeschichte.uni-goettingen.de\/roads\/viabundus\/wp-content\/uploads\/2023\/06\/gamleby-300x100.png 300w\" sizes=\"(max-width: 343px) 100vw, 343px\" \/><\/a><a href=\"https:\/\/www.landesgeschichte.uni-goettingen.de\/roads\/viabundus\/wp-content\/uploads\/2022\/04\/lesser.jpg\"><img decoding=\"async\" src=\"https:\/\/www.landesgeschichte.uni-goettingen.de\/roads\/viabundus\/wp-content\/uploads\/2022\/04\/lesser-150x150.jpg\" alt=\"\" height=\"90\" class=\"aligncenter size-thumbnail wp-image-823\" \/><\/a><\/p>\n","protected":false},"excerpt":{"rendered":"<p>Map of premodern European transport and mobility Roads, Rivers, Routes The long-distance trade contributed a major part to the expansion of trade during the so-called commercial revolution of the 13th and 14th centuries. Contemporaries knew that merchants de Orientali abundantia replerent Occidentalem inopiam; et e contrario, de Meridionali abundantia replerent Septentrionalem inopiam (fill from the [&hellip;]<\/p>\n","protected":false},"author":2,"featured_media":178,"parent":0,"menu_order":0,"comment_status":"closed","ping_status":"closed","template":"","meta":{"footnotes":""},"class_list":["post-176","page","type-page","status-publish","has-post-thumbnail","hentry"],"_links":{"self":[{"href":"https:\/\/www.landesgeschichte.uni-goettingen.de\/roads\/viabundus\/wp-json\/wp\/v2\/pages\/176","targetHints":{"allow":["GET"]}}],"collection":[{"href":"https:\/\/www.landesgeschichte.uni-goettingen.de\/roads\/viabundus\/wp-json\/wp\/v2\/pages"}],"about":[{"href":"https:\/\/www.landesgeschichte.uni-goettingen.de\/roads\/viabundus\/wp-json\/wp\/v2\/types\/page"}],"author":[{"embeddable":true,"href":"https:\/\/www.landesgeschichte.uni-goettingen.de\/roads\/viabundus\/wp-json\/wp\/v2\/users\/2"}],"replies":[{"embeddable":true,"href":"https:\/\/www.landesgeschichte.uni-goettingen.de\/roads\/viabundus\/wp-json\/wp\/v2\/comments?post=176"}],"version-history":[{"count":37,"href":"https:\/\/www.landesgeschichte.uni-goettingen.de\/roads\/viabundus\/wp-json\/wp\/v2\/pages\/176\/revisions"}],"predecessor-version":[{"id":1267,"href":"https:\/\/www.landesgeschichte.uni-goettingen.de\/roads\/viabundus\/wp-json\/wp\/v2\/pages\/176\/revisions\/1267"}],"wp:featuredmedia":[{"embeddable":true,"href":"https:\/\/www.landesgeschichte.uni-goettingen.de\/roads\/viabundus\/wp-json\/wp\/v2\/media\/178"}],"wp:attachment":[{"href":"https:\/\/www.landesgeschichte.uni-goettingen.de\/roads\/viabundus\/wp-json\/wp\/v2\/media?parent=176"}],"curies":[{"name":"wp","href":"https:\/\/api.w.org\/{rel}","templated":true}]}}